{"id":283,"date":"2025-06-13T18:32:32","date_gmt":"2025-06-13T16:32:32","guid":{"rendered":"https:\/\/fragrans.internetstars.pl\/?page_id=283"},"modified":"2025-06-13T18:40:55","modified_gmt":"2025-06-13T16:40:55","slug":"kontakt","status":"publish","type":"page","link":"https:\/\/fragrans.internetstars.pl\/en\/kontakt\/","title":{"rendered":"Contact"},"content":{"rendered":"<p>[et_pb_section fb_built=&#8221;1&#8243; admin_label=&#8221;Certyfikat&#8221; _builder_version=&#8221;4.27.4&#8243; _module_preset=&#8221;default&#8221; global_colors_info=&#8221;{}&#8221;][et_pb_row column_structure=&#8221;1_3,2_3&#8243; module_class=&#8221;certificate-section&#8221; _builder_version=&#8221;4.27.4&#8243; _module_preset=&#8221;default&#8221; width=&#8221;90%&#8221; max_width=&#8221;1220px&#8221; global_colors_info=&#8221;{}&#8221;][et_pb_column type=&#8221;1_3&#8243; _builder_version=&#8221;4.27.4&#8243; _module_preset=&#8221;default&#8221; global_colors_info=&#8221;{}&#8221;][et_pb_heading title=&#8221;Dane kontaktowe&#8221; admin_label=&#8221;Nag\u0142\u00f3wek&#8221; module_class=&#8221;contact-name&#8221; _builder_version=&#8221;4.27.4&#8243; _module_preset=&#8221;default&#8221; title_text_align=&#8221;left&#8221; global_colors_info=&#8221;{}&#8221;][\/et_pb_heading][et_pb_text _builder_version=&#8221;4.27.4&#8243; _module_preset=&#8221;default&#8221; animation_direction=&#8221;left&#8221; global_colors_info=&#8221;{}&#8221;]<\/p>\n<div class=\"col-lg-4\">\n<p>FRAGRANS MICHA\u0141 STOLARCZYK<br \/>1B Danish Street, 91-204 Lodz<br \/>NIP 7271989647<\/p>\n<p>tel:\u00a0<a href=\"tel:+48426395131\">+48 (42) 639 51 31<\/a><br \/><a href=\"mailto:zawieszki@fragrans.pl\">zawieszki@fragrans.pl<\/a><\/p>\n<p>Hours of operation Monday through Friday 8:00 a.m. to 4:00 p.m.<\/p>\n<p><a href=\"https:\/\/www.facebook.com\/zapachydosamochodu\">Feel free to like our page on FB<\/a><br \/>we encourage you to evaluate our company and products\u00a0<a href=\"https:\/\/g.page\/r\/Cecc5F8vWJXFEBA\"><u>HERE<\/u><\/a><\/p>\n<\/div>\n<div class=\"col-lg-8\">\u00a0<\/div>\n<p>[\/et_pb_text][\/et_pb_column][et_pb_column type=&#8221;2_3&#8243; _builder_version=&#8221;4.27.4&#8243; _module_preset=&#8221;default&#8221; global_colors_info=&#8221;{}&#8221;][et_pb_heading title=&#8221;Formularz kontaktowy&#8221; admin_label=&#8221;Nag\u0142\u00f3wek&#8221; module_class=&#8221;contact-name&#8221; _builder_version=&#8221;4.27.4&#8243; _module_preset=&#8221;default&#8221; title_text_align=&#8221;left&#8221; global_colors_info=&#8221;{}&#8221;][\/et_pb_heading][et_pb_contact_form _builder_version=&#8221;4.27.4&#8243; _module_preset=&#8221;default&#8221; _unique_id=&#8221;0c05dfe7-66d2-4403-8855-1420af83b062&#8243; global_colors_info=&#8221;{}&#8221;][et_pb_contact_field field_id=&#8221;Field_4&#8243; field_title=&#8221;Wybierz \/ Choose&#8221; field_type=&#8221;select&#8221; select_options=&#8221;%91{%22value%22:%22All other export country%22,%22checked%22:0,%22dragID%22:-1},{%22value%22:%22Switzerland%22,%22checked%22:0,%22dragID%22:0},{%22value%22:%22Portugal%22,%22checked%22:0,%22dragID%22:1},{%22value%22:%22Dolno\u015bl\u0105skie%22,%22checked%22:0,%22dragID%22:2},{%22value%22:%22Kujawsko-pomorskie%22,%22checked%22:0,%22dragID%22:3},{%22value%22:%22Lubelskie%22,%22checked%22:0,%22dragID%22:4},{%22value%22:%22Lubuskie%22,%22checked%22:0,%22dragID%22:5},{%22value%22:%22\u0141\u00f3dzkie%22,%22checked%22:0,%22dragID%22:6},{%22value%22:%22Ma\u0142opolskie%22,%22checked%22:0,%22dragID%22:7},{%22value%22:%22Mazowieckie%22,%22checked%22:0,%22dragID%22:8},{%22value%22:%22Opolskie%22,%22checked%22:0,%22dragID%22:9},{%22value%22:%22Podkarpackie%22,%22checked%22:0,%22dragID%22:10},{%22value%22:%22Podlaskie%22,%22checked%22:0,%22dragID%22:11},{%22value%22:%22Pomorskie%22,%22checked%22:0,%22dragID%22:12},{%22value%22:%22\u015al\u0105skie%22,%22checked%22:0,%22dragID%22:13},{%22value%22:%22\u015awi\u0119tokrzyskie%22,%22checked%22:0,%22dragID%22:14},{%22value%22:%22Warmi\u0144sko-mazurskie%22,%22checked%22:0,%22dragID%22:15},{%22value%22:%22Wielkopolskie%22,%22checked%22:0,%22dragID%22:16},{%22value%22:%22Zachodniopomorskie%22,%22checked%22:0,%22dragID%22:17}%93&#8243; fullwidth_field=&#8221;on&#8221; _builder_version=&#8221;4.27.4&#8243; _module_preset=&#8221;default&#8221; global_colors_info=&#8221;{}&#8221;][\/et_pb_contact_field][et_pb_contact_field field_id=&#8221;imie_nazwisko&#8221; field_title=&#8221;Imi\u0119 i nazwisko&#8221; _builder_version=&#8221;4.27.4&#8243; global_colors_info=&#8221;{}&#8221; button_text_size__hover_enabled=&#8221;off&#8221; button_one_text_size__hover_enabled=&#8221;off&#8221; button_two_text_size__hover_enabled=&#8221;off&#8221; button_text_color__hover_enabled=&#8221;off&#8221; button_one_text_color__hover_enabled=&#8221;off&#8221; button_two_text_color__hover_enabled=&#8221;off&#8221; button_border_width__hover_enabled=&#8221;off&#8221; button_one_border_width__hover_enabled=&#8221;off&#8221; button_two_border_width__hover_enabled=&#8221;off&#8221; button_border_color__hover_enabled=&#8221;off&#8221; button_one_border_color__hover_enabled=&#8221;off&#8221; button_two_border_color__hover_enabled=&#8221;off&#8221; button_border_radius__hover_enabled=&#8221;off&#8221; button_one_border_radius__hover_enabled=&#8221;off&#8221; button_two_border_radius__hover_enabled=&#8221;off&#8221; button_letter_spacing__hover_enabled=&#8221;off&#8221; button_one_letter_spacing__hover_enabled=&#8221;off&#8221; button_two_letter_spacing__hover_enabled=&#8221;off&#8221; button_bg_color__hover_enabled=&#8221;off&#8221; button_one_bg_color__hover_enabled=&#8221;off&#8221; button_two_bg_color__hover_enabled=&#8221;off&#8221;][\/et_pb_contact_field][et_pb_contact_field field_id=&#8221;numer_telefonu&#8221; field_title=&#8221;Numer telefonu&#8221; _builder_version=&#8221;4.27.4&#8243; _module_preset=&#8221;default&#8221; global_colors_info=&#8221;{}&#8221;][\/et_pb_contact_field][et_pb_contact_field field_id=&#8221;Email&#8221; field_title=&#8221;E-mail&#8221; field_type=&#8221;email&#8221; _builder_version=&#8221;4.27.4&#8243; global_colors_info=&#8221;{}&#8221; button_text_size__hover_enabled=&#8221;off&#8221; button_one_text_size__hover_enabled=&#8221;off&#8221; button_two_text_size__hover_enabled=&#8221;off&#8221; button_text_color__hover_enabled=&#8221;off&#8221; button_one_text_color__hover_enabled=&#8221;off&#8221; button_two_text_color__hover_enabled=&#8221;off&#8221; button_border_width__hover_enabled=&#8221;off&#8221; button_one_border_width__hover_enabled=&#8221;off&#8221; button_two_border_width__hover_enabled=&#8221;off&#8221; button_border_color__hover_enabled=&#8221;off&#8221; button_one_border_color__hover_enabled=&#8221;off&#8221; button_two_border_color__hover_enabled=&#8221;off&#8221; button_border_radius__hover_enabled=&#8221;off&#8221; button_one_border_radius__hover_enabled=&#8221;off&#8221; button_two_border_radius__hover_enabled=&#8221;off&#8221; button_letter_spacing__hover_enabled=&#8221;off&#8221; button_one_letter_spacing__hover_enabled=&#8221;off&#8221; button_two_letter_spacing__hover_enabled=&#8221;off&#8221; button_bg_color__hover_enabled=&#8221;off&#8221; button_one_bg_color__hover_enabled=&#8221;off&#8221; button_two_bg_color__hover_enabled=&#8221;off&#8221;][\/et_pb_contact_field][et_pb_contact_field field_id=&#8221;temat_wiadomosci&#8221; field_title=&#8221;Temat wiadomo\u015bci&#8221; _builder_version=&#8221;4.27.4&#8243; _module_preset=&#8221;default&#8221; global_colors_info=&#8221;{}&#8221;][\/et_pb_contact_field][et_pb_contact_field field_id=&#8221;Message&#8221; field_title=&#8221;Tre\u015b\u0107 wiadomo\u015bci&#8221; field_type=&#8221;text&#8221; fullwidth_field=&#8221;on&#8221; _builder_version=&#8221;4.27.4&#8243; global_colors_info=&#8221;{}&#8221; button_text_size__hover_enabled=&#8221;off&#8221; button_one_text_size__hover_enabled=&#8221;off&#8221; button_two_text_size__hover_enabled=&#8221;off&#8221; button_text_color__hover_enabled=&#8221;off&#8221; button_one_text_color__hover_enabled=&#8221;off&#8221; button_two_text_color__hover_enabled=&#8221;off&#8221; button_border_width__hover_enabled=&#8221;off&#8221; button_one_border_width__hover_enabled=&#8221;off&#8221; button_two_border_width__hover_enabled=&#8221;off&#8221; button_border_color__hover_enabled=&#8221;off&#8221; button_one_border_color__hover_enabled=&#8221;off&#8221; button_two_border_color__hover_enabled=&#8221;off&#8221; button_border_radius__hover_enabled=&#8221;off&#8221; button_one_border_radius__hover_enabled=&#8221;off&#8221; button_two_border_radius__hover_enabled=&#8221;off&#8221; button_letter_spacing__hover_enabled=&#8221;off&#8221; button_one_letter_spacing__hover_enabled=&#8221;off&#8221; button_two_letter_spacing__hover_enabled=&#8221;off&#8221; button_bg_color__hover_enabled=&#8221;off&#8221; button_one_bg_color__hover_enabled=&#8221;off&#8221; button_two_bg_color__hover_enabled=&#8221;off&#8221;][\/et_pb_contact_field][\/et_pb_contact_form][\/et_pb_column][\/et_pb_row][\/et_pb_section][et_pb_section fb_built=&#8221;1&#8243; admin_label=&#8221;Kontakt&#8221; module_class=&#8221;counters&#8221; _builder_version=&#8221;4.27.4&#8243; _module_preset=&#8221;default&#8221; background_image=&#8221;https:\/\/fragrans.internetstars.pl\/wp-content\/uploads\/2025\/06\/parallax-1-scaled.jpg&#8221; parallax=&#8221;on&#8221; min_height=&#8221;90vh&#8221; min_height_last_edited=&#8221;off|desktop&#8221; custom_css_free_form=&#8221;selector {||display: flex;||flex-direction: column;||justify-content: center;||}&#8221; global_colors_info=&#8221;{}&#8221;][et_pb_row column_structure=&#8221;1_4,1_4,1_4,1_4&#8243; _builder_version=&#8221;4.27.4&#8243; _module_preset=&#8221;default&#8221; background_color=&#8221;rgba(255,255,255,0.9)&#8221; width=&#8221;90%&#8221; max_width=&#8221;1220px&#8221; custom_padding=&#8221;40px|40px|40px|40px|false|false&#8221; global_colors_info=&#8221;{}&#8221;][et_pb_column type=&#8221;1_4&#8243; _builder_version=&#8221;4.27.4&#8243; _module_preset=&#8221;default&#8221; global_colors_info=&#8221;{}&#8221;][\/et_pb_column][et_pb_column type=&#8221;1_4&#8243; _builder_version=&#8221;4.27.4&#8243; _module_preset=&#8221;default&#8221; global_colors_info=&#8221;{}&#8221;][et_pb_heading title=&#8221;Weronika St\u0119pie\u0144&#8221; admin_label=&#8221;Nag\u0142\u00f3wek&#8221; module_class=&#8221;contact-name&#8221; _builder_version=&#8221;4.27.4&#8243; _module_preset=&#8221;default&#8221; title_text_align=&#8221;center&#8221; global_colors_info=&#8221;{}&#8221;][\/et_pb_heading][et_pb_divider color=&#8221;#e3e3e3&#8243; _builder_version=&#8221;4.27.4&#8243; _module_preset=&#8221;default&#8221; global_colors_info=&#8221;{}&#8221;][\/et_pb_divider][et_pb_text module_class=&#8221;contact-country&#8221; _builder_version=&#8221;4.27.4&#8243; _module_preset=&#8221;default&#8221; text_orientation=&#8221;center&#8221; global_colors_info=&#8221;{}&#8221;]<\/p>\n<h3 class=\"opiekun1\">Poland<\/h3>\n<p>[\/et_pb_text][et_pb_text module_class=&#8221;contact-main-number&#8221; _builder_version=&#8221;4.27.4&#8243; _module_preset=&#8221;default&#8221; text_orientation=&#8221;center&#8221; global_colors_info=&#8221;{}&#8221;]tel.\u00a0+48 531 502 398[\/et_pb_text][et_pb_text module_class=&#8221;contact-secondary-number&#8221; _builder_version=&#8221;4.27.4&#8243; _module_preset=&#8221;default&#8221; text_orientation=&#8221;center&#8221; global_colors_info=&#8221;{}&#8221;]tel.\u00a0+48 42 639 51 31[\/et_pb_text][et_pb_text module_class=&#8221;contact-main-email&#8221; _builder_version=&#8221;4.27.4&#8243; _module_preset=&#8221;default&#8221; text_orientation=&#8221;center&#8221; global_colors_info=&#8221;{}&#8221;]<\/p>\n<p><a class=\"href\" href=\"mailto:weronika.stepien@fragrans.pl\">weronika.stepien@fragrans.pl<\/a><\/p>\n<p>[\/et_pb_text][et_pb_text module_class=&#8221;contact-secondary-email&#8221; _builder_version=&#8221;4.27.4&#8243; _module_preset=&#8221;default&#8221; text_orientation=&#8221;center&#8221; global_colors_info=&#8221;{}&#8221;]<\/p>\n<p><a class=\"href\" href=\"mailto:zawieszki@fragrans.pl\">zawieszki@fragrans.pl<\/a><\/p>\n<p>[\/et_pb_text][\/et_pb_column][et_pb_column type=&#8221;1_4&#8243; _builder_version=&#8221;4.27.4&#8243; _module_preset=&#8221;default&#8221; global_colors_info=&#8221;{}&#8221;][et_pb_heading title=&#8221;Weronika St\u0119pie\u0144&#8221; module_class=&#8221;contact-name&#8221; _builder_version=&#8221;4.27.4&#8243; _module_preset=&#8221;default&#8221; title_text_align=&#8221;center&#8221; global_colors_info=&#8221;{}&#8221;][\/et_pb_heading][et_pb_divider color=&#8221;#e3e3e3&#8243; _builder_version=&#8221;4.27.4&#8243; _module_preset=&#8221;default&#8221; global_colors_info=&#8221;{}&#8221;][\/et_pb_divider][et_pb_text module_class=&#8221;contact-country&#8221; _builder_version=&#8221;4.27.4&#8243; _module_preset=&#8221;default&#8221; text_orientation=&#8221;center&#8221; global_colors_info=&#8221;{}&#8221;]<\/p>\n<h3 class=\"opiekun1\">Poland<\/h3>\n<p>[\/et_pb_text][et_pb_text module_class=&#8221;contact-main-number&#8221; _builder_version=&#8221;4.27.4&#8243; _module_preset=&#8221;default&#8221; text_orientation=&#8221;center&#8221; global_colors_info=&#8221;{}&#8221;]tel.\u00a0+48 531 502 398[\/et_pb_text][et_pb_text module_class=&#8221;contact-secondary-number&#8221; _builder_version=&#8221;4.27.4&#8243; _module_preset=&#8221;default&#8221; text_orientation=&#8221;center&#8221; global_colors_info=&#8221;{}&#8221;]<\/p>\n<p>tel.\u00a0<a class=\"href\" href=\"tel:+48426395131\">+48 42 639 51 31<\/a><\/p>\n<p>[\/et_pb_text][et_pb_text module_class=&#8221;contact-main-email&#8221; _builder_version=&#8221;4.27.4&#8243; _module_preset=&#8221;default&#8221; text_orientation=&#8221;center&#8221; global_colors_info=&#8221;{}&#8221;]<\/p>\n<p><a class=\"href\" href=\"mailto:weronika.stepien@fragrans.pl\">weronika.stepien@fragrans.pl<\/a><\/p>\n<p>[\/et_pb_text][et_pb_text module_class=&#8221;contact-secondary-email&#8221; _builder_version=&#8221;4.27.4&#8243; _module_preset=&#8221;default&#8221; text_orientation=&#8221;center&#8221; global_colors_info=&#8221;{}&#8221;]<\/p>\n<p><a class=\"href\" href=\"mailto:zawieszki@fragrans.pl\">zawieszki@fragrans.pl<\/a><\/p>\n<p>[\/et_pb_text][\/et_pb_column][et_pb_column type=&#8221;1_4&#8243; _builder_version=&#8221;4.27.4&#8243; _module_preset=&#8221;default&#8221; global_colors_info=&#8221;{}&#8221;][\/et_pb_column][\/et_pb_row][\/et_pb_section][et_pb_section fb_built=&#8221;1&#8243; admin_label=&#8221;Mapa&#8221; _builder_version=&#8221;4.27.4&#8243; _module_preset=&#8221;default&#8221; width=&#8221;100%&#8221; max_width=&#8221;100%&#8221; global_colors_info=&#8221;{}&#8221;][et_pb_row _builder_version=&#8221;4.27.4&#8243; _module_preset=&#8221;default&#8221; width=&#8221;100%&#8221; max_width=&#8221;100%&#8221; global_colors_info=&#8221;{}&#8221;][et_pb_column type=&#8221;4_4&#8243; _builder_version=&#8221;4.27.4&#8243; _module_preset=&#8221;default&#8221; global_colors_info=&#8221;{}&#8221;][et_pb_heading title=&#8221;Tutaj nas znajdziesz&#8221; module_class=&#8221;main-title&#8221; _builder_version=&#8221;4.27.4&#8243; _module_preset=&#8221;default&#8221; global_colors_info=&#8221;{}&#8221;][\/et_pb_heading][et_pb_map _builder_version=&#8221;4.27.4&#8243; _module_preset=&#8221;default&#8221; height=&#8221;450px&#8221; global_colors_info=&#8221;{}&#8221;][\/et_pb_map][\/et_pb_column][\/et_pb_row][\/et_pb_section]<\/p>","protected":false},"excerpt":{"rendered":"<p>FRAGRANS MICHA\u0141 STOLARCZYKul. Du\u0144ska 1B, 91-204 \u0141\u00f3d\u017aNIP 7271989647 tel.:\u00a0+48 (42) 639 51 31zawieszki@fragrans.pl Godziny pracy od poniedzia\u0142ku do pi\u0105tku 8:00-16:00 Zapraszamy do polubienia naszej strony na FBzach\u0119camy do oceny naszej firmy i produkt\u00f3w\u00a0TUTAJ \u00a0Polskatel.\u00a0+48 531 502 398tel.\u00a0+48 42 639 51 31weronika.stepien@fragrans.plzawieszki@fragrans.plPolskatel.\u00a0+48 531 502 398tel.\u00a0+48 42 639 51 31weronika.stepien@fragrans.plzawieszki@fragrans.pl<\/p>","protected":false},"author":1,"featured_media":0,"parent":0,"menu_order":0,"comment_status":"closed","ping_status":"closed","template":"","meta":{"_acf_changed":false,"_et_pb_use_builder":"on","_et_pb_old_content":"<!-- wp:divi\/placeholder \/-->","_et_gb_content_width":"","inline_featured_image":false,"footnotes":""},"class_list":["post-283","page","type-page","status-publish","hentry"],"acf":[],"_links":{"self":[{"href":"https:\/\/fragrans.internetstars.pl\/en\/wp-json\/wp\/v2\/pages\/283","targetHints":{"allow":["GET"]}}],"collection":[{"href":"https:\/\/fragrans.internetstars.pl\/en\/wp-json\/wp\/v2\/pages"}],"about":[{"href":"https:\/\/fragrans.internetstars.pl\/en\/wp-json\/wp\/v2\/types\/page"}],"author":[{"embeddable":true,"href":"https:\/\/fragrans.internetstars.pl\/en\/wp-json\/wp\/v2\/users\/1"}],"replies":[{"embeddable":true,"href":"https:\/\/fragrans.internetstars.pl\/en\/wp-json\/wp\/v2\/comments?post=283"}],"version-history":[{"count":13,"href":"https:\/\/fragrans.internetstars.pl\/en\/wp-json\/wp\/v2\/pages\/283\/revisions"}],"predecessor-version":[{"id":303,"href":"https:\/\/fragrans.internetstars.pl\/en\/wp-json\/wp\/v2\/pages\/283\/revisions\/303"}],"wp:attachment":[{"href":"https:\/\/fragrans.internetstars.pl\/en\/wp-json\/wp\/v2\/media?parent=283"}],"curies":[{"name":"wp","href":"https:\/\/api.w.org\/{rel}","templated":true}]}}