{"id":379,"date":"2025-06-14T14:36:41","date_gmt":"2025-06-14T12:36:41","guid":{"rendered":"https:\/\/fragrans.internetstars.pl\/?page_id=379"},"modified":"2025-06-14T14:55:15","modified_gmt":"2025-06-14T12:55:15","slug":"wykrojniki","status":"publish","type":"page","link":"https:\/\/fragrans.internetstars.pl\/en\/wykrojniki\/","title":{"rendered":"Die-cutters"},"content":{"rendered":"<p>[et_pb_section fb_built=&#8221;1&#8243; admin_label=&#8221;Baner&#8221; module_class=&#8221;counters&#8221; _builder_version=&#8221;4.27.4&#8243; _module_preset=&#8221;default&#8221; background_enable_image=&#8221;off&#8221; min_height_last_edited=&#8221;off|desktop&#8221; custom_css_free_form=&#8221;selector {||display: flex;||flex-direction: column;||justify-content: center;||}&#8221; global_colors_info=&#8221;{}&#8221;][et_pb_row custom_padding_last_edited=&#8221;off|desktop&#8221; _builder_version=&#8221;4.27.4&#8243; _module_preset=&#8221;default&#8221; custom_margin=&#8221;||||false|false&#8221; custom_margin_tablet=&#8221;100px||100px||false|false&#8221; custom_margin_phone=&#8221;||||false|false&#8221; custom_margin_last_edited=&#8221;off|desktop&#8221; custom_padding=&#8221;||||false|false&#8221; custom_padding_tablet=&#8221;100px||100px||false|false&#8221; custom_padding_phone=&#8221;||||false|false&#8221; global_colors_info=&#8221;{}&#8221;][et_pb_column type=&#8221;4_4&#8243; _builder_version=&#8221;4.27.4&#8243; _module_preset=&#8221;default&#8221; global_colors_info=&#8221;{}&#8221;][et_pb_heading title=&#8221;Przyk\u0142adowe wykrojniki&#8221; module_class=&#8221;main-title&#8221; _builder_version=&#8221;4.27.4&#8243; _module_preset=&#8221;default&#8221; title_text_align=&#8221;left&#8221; global_colors_info=&#8221;{}&#8221;][\/et_pb_heading][et_pb_text _builder_version=&#8221;4.27.4&#8243; _module_preset=&#8221;default&#8221; animation_direction=&#8221;left&#8221; global_colors_info=&#8221;{}&#8221;]<\/p>\n<p>Click\u00a0<i class=\"fas fa-file-pdf\"><\/i>\u00a0next to the sample die-cut to download a template for project preparation. If you need a larger selection (among more than 1500 shapes) - write to us.<\/p>\n<p>In our database for our customers we provide more than 1500 ready-to-use shapes for car hangers. It is also possible to make a car fragrance in the shape of your product or logo. This is an ideal form of fragrant advertising.<\/p>\n<p>Introducing popular shapes of car fragrances, ideal to give to the customer, it will even fit in the wallet. It can serve as a fragrant business card, which hung in the car is in view for a long time not only for the driver, but also for his passengers and passersby passing the car.<\/p>\n<p>The standard maximum size of the pendant is 96\u00d773 mm (larger sizes are subject to individual pricing) is a large area for personalized double-sided full color advertising. For hangers dedicated to the blister, choose a shape in a vertical arrangement with an optimal width of 66-74 mm for the ready-made blister shapes in the base.<\/p>\n<p>In our database you will find shapes to suit every industry, here we have selected the most popular shapes and suggestions for use by different industries. We also invite you to contact our Sales Department, where we will help you choose the right shape.<\/p>\n<p>[\/et_pb_text][divi_wykrojnik posts_number=&#8221;50&#8243; _builder_version=&#8221;4.27.4&#8243; _module_preset=&#8221;default&#8221; global_colors_info=&#8221;{}&#8221;][\/divi_wykrojnik][\/et_pb_column][\/et_pb_row][\/et_pb_section]<\/p>","protected":false},"excerpt":{"rendered":"<p>Kliknij\u00a0\u00a0przy przyk\u0142adowym wykrojniku, aby pobra\u0107 szablon do przygotowania projektu. Je\u015bli potrzebujesz wi\u0119kszego wyboru (spo\u015br\u00f3d ponad 1500 kszta\u0142t\u00f3w) \u2013 napisz do nas. W naszej bazie dla naszych Klient\u00f3w udost\u0119pniamy ponad 1500 gotowych do wykorzystania kszta\u0142t\u00f3w dla zawieszek samochodowych. Istnieje te\u017c mo\u017cliwo\u015b\u0107 wykonania zapachu do samochodu w kszta\u0142cie swojego produktu lub logo. To idealna forma pachn\u0105cej reklamy. [&hellip;]<\/p>","protected":false},"author":1,"featured_media":0,"parent":0,"menu_order":0,"comment_status":"closed","ping_status":"closed","template":"","meta":{"_acf_changed":false,"_et_pb_use_builder":"on","_et_pb_old_content":"<!-- wp:divi\/placeholder \/-->","_et_gb_content_width":"","inline_featured_image":false,"footnotes":""},"class_list":["post-379","page","type-page","status-publish","hentry"],"acf":[],"_links":{"self":[{"href":"https:\/\/fragrans.internetstars.pl\/en\/wp-json\/wp\/v2\/pages\/379","targetHints":{"allow":["GET"]}}],"collection":[{"href":"https:\/\/fragrans.internetstars.pl\/en\/wp-json\/wp\/v2\/pages"}],"about":[{"href":"https:\/\/fragrans.internetstars.pl\/en\/wp-json\/wp\/v2\/types\/page"}],"author":[{"embeddable":true,"href":"https:\/\/fragrans.internetstars.pl\/en\/wp-json\/wp\/v2\/users\/1"}],"replies":[{"embeddable":true,"href":"https:\/\/fragrans.internetstars.pl\/en\/wp-json\/wp\/v2\/comments?post=379"}],"version-history":[{"count":5,"href":"https:\/\/fragrans.internetstars.pl\/en\/wp-json\/wp\/v2\/pages\/379\/revisions"}],"predecessor-version":[{"id":393,"href":"https:\/\/fragrans.internetstars.pl\/en\/wp-json\/wp\/v2\/pages\/379\/revisions\/393"}],"wp:attachment":[{"href":"https:\/\/fragrans.internetstars.pl\/en\/wp-json\/wp\/v2\/media?parent=379"}],"curies":[{"name":"wp","href":"https:\/\/api.w.org\/{rel}","templated":true}]}}