{"id":397,"date":"2025-06-14T14:58:24","date_gmt":"2025-06-14T12:58:24","guid":{"rendered":"https:\/\/fragrans.internetstars.pl\/?page_id=397"},"modified":"2025-06-14T14:59:01","modified_gmt":"2025-06-14T12:59:01","slug":"uslugi","status":"publish","type":"page","link":"https:\/\/fragrans.internetstars.pl\/en\/uslugi\/","title":{"rendered":"Services"},"content":{"rendered":"<p>[et_pb_section fb_built=&#8221;1&#8243; admin_label=&#8221;Baner&#8221; module_class=&#8221;counters&#8221; _builder_version=&#8221;4.27.4&#8243; _module_preset=&#8221;default&#8221; background_enable_image=&#8221;off&#8221; min_height_last_edited=&#8221;off|desktop&#8221; custom_css_free_form=&#8221;selector {||display: flex;||flex-direction: column;||justify-content: center;||}&#8221; global_colors_info=&#8221;{}&#8221;][et_pb_row custom_padding_last_edited=&#8221;off|desktop&#8221; _builder_version=&#8221;4.27.4&#8243; _module_preset=&#8221;default&#8221; custom_margin=&#8221;||||false|false&#8221; custom_margin_tablet=&#8221;100px||100px||false|false&#8221; custom_margin_phone=&#8221;||||false|false&#8221; custom_margin_last_edited=&#8221;off|desktop&#8221; custom_padding=&#8221;||||false|false&#8221; custom_padding_tablet=&#8221;100px||100px||false|false&#8221; custom_padding_phone=&#8221;||||false|false&#8221; global_colors_info=&#8221;{}&#8221;][et_pb_column type=&#8221;4_4&#8243; _builder_version=&#8221;4.27.4&#8243; _module_preset=&#8221;default&#8221; global_colors_info=&#8221;{}&#8221;][et_pb_heading title=&#8221;Us\u0142ugi &#8211; pakowanie na flowpacku&#8221; module_class=&#8221;main-title&#8221; _builder_version=&#8221;4.27.4&#8243; _module_preset=&#8221;default&#8221; title_text_align=&#8221;left&#8221; hover_enabled=&#8221;0&#8243; global_colors_info=&#8221;{}&#8221; sticky_enabled=&#8221;0&#8243;][\/et_pb_heading][et_pb_text _builder_version=&#8221;4.27.4&#8243; _module_preset=&#8221;default&#8221; animation_direction=&#8221;left&#8221; global_colors_info=&#8221;{}&#8221;]<\/p>\n<p><u><strong>Visit our additional services page:\u00a0<a href=\"https:\/\/flowpack.pl\/\">https:\/\/flowpack.pl\/\u00a0<\/a><\/strong><\/u><\/p>\n<h1>FLOWPACK SERVICE PACKAGING<\/h1>\n<p>Flowpack service packing involves a horizontal packing method with 3 seals. We have a state-of-the-art fully automated machine park enabling us to pack up to 2 million pieces per day, including\u00a0<a href=\"https:\/\/flowpack.pl\/#przykladoweprodukty\">packaging<\/a>\u00a0as well as\u00a0<a href=\"https:\/\/flowpack.pl\/#uslugidodatkowe\">ancillary services<\/a>.<\/p>\n<p>We have the ability to do different types of finishing, sealing. We pack non-food products. We have a stock of barrier films and laminates of various types, transparent or flexographically printed. It is possible to pack in foil or paper (from a roll) entrusted by the customer.<\/p>\n<h1>SAMPLE PRODUCTS THAT CAN BE PACKED<\/h1>\n<ul>\n<li>Gift cards<\/li>\n<li>Scented business cards<\/li>\n<li>Flavoring cartridges<\/li>\n<li>Collector cards<\/li>\n<li>Stickers (collectible)<\/li>\n<li>Fragrance pendants for the car<\/li>\n<li>Flat decorative magnets<\/li>\n<li>Drink coasters<\/li>\n<li>Mini manuals for equipment<\/li>\n<li>Calendars<\/li>\n<li>Small information brochures<\/li>\n<li>Z-card<\/li>\n<li>Maps<\/li>\n<li>CDs<\/li>\n<li>Office products e.g. ruler, sticky tape, eraser, scissors<\/li>\n<li>Haberdashery products, chemical products and much more.<\/li>\n<\/ul>\n<p>We only pack non-food products. We can expose the products in a transparent film or prepare a design together to make the packed item more attractive. It is possible to pack several products into 1 pouch, such as several cards or collectible stickers.<\/p>\n<p>We can cut a euro-hole in the top seal of the film for better exposure of the product on hooks or sales tape.<\/p>\n<h4><strong>We also make\u00a0<\/strong><strong>Soaking products in liquid substances with precise dosing.<\/strong><\/h4>\n<p>As a manufacturer of car fragrance pendants with your own logo and custom imprint, we have extensive machinery. We can make funny printed car fragrance tags, aroma cartridges, realize die cutting, packaging, laminating services up to A3+ size. Among other things, customers commission us to pack magnets, mini maps, loyalty cards, and it is possible to precisely soak fragrance products, which we will pack immediately in line in high-quality barrier film.<\/p>\n<p><strong>ADDITIONAL SERVICES - see\u00a0<a href=\"http:\/\/flowpack.pl\/#uslugidodatkowe\">HERE<\/a><\/strong><\/p>\n<p><strong>CONTACT<\/strong>:\u00a0<a href=\"mailto:zawieszki@fragrans.pl?subject=Zapytanie%20o%20us%C5%82ugi%20dodatkowe\">zawieszki@fragrans.pl<\/a><\/p>\n<p>[\/et_pb_text][\/et_pb_column][\/et_pb_row][\/et_pb_section]<\/p>","protected":false},"excerpt":{"rendered":"<p>Odwied\u017a nasz\u0105 stron\u0119 us\u0142ug dodatkowych:\u00a0https:\/\/flowpack.pl\/\u00a0 PAKOWANIE US\u0141UGOWE NA FLOWPACKU Pakowanie us\u0142ugowe na flowpacku obejmuje metod\u0119 poziomego pakowania z\u00a03 zgrzewami. Posiadamy nowoczesny w\u00a0pe\u0142ni zautomatyzowany park maszynowy umo\u017cliwiaj\u0105cy nam spakowanie nawet do 2 mln sztuk na dob\u0119, obejmuj\u0105cy\u00a0pakowanie\u00a0jak i\u00a0us\u0142ugi towarzysz\u0105ce. Mamy mo\u017cliwo\u015b\u0107 wykonania r\u00f3\u017cnych rodzaj\u00f3w wyko\u0144czenia, zgrzewu. Pakujemy produkty niespo\u017cywcze. Dysponujemy zapasem folii i\u00a0laminat\u00f3w barierowych r\u00f3\u017cnego rodzaju, [&hellip;]<\/p>","protected":false},"author":1,"featured_media":0,"parent":0,"menu_order":0,"comment_status":"closed","ping_status":"closed","template":"","meta":{"_acf_changed":false,"_et_pb_use_builder":"on","_et_pb_old_content":"<!-- wp:divi\/placeholder \/-->","_et_gb_content_width":"","inline_featured_image":false,"footnotes":""},"class_list":["post-397","page","type-page","status-publish","hentry"],"acf":[],"_links":{"self":[{"href":"https:\/\/fragrans.internetstars.pl\/en\/wp-json\/wp\/v2\/pages\/397","targetHints":{"allow":["GET"]}}],"collection":[{"href":"https:\/\/fragrans.internetstars.pl\/en\/wp-json\/wp\/v2\/pages"}],"about":[{"href":"https:\/\/fragrans.internetstars.pl\/en\/wp-json\/wp\/v2\/types\/page"}],"author":[{"embeddable":true,"href":"https:\/\/fragrans.internetstars.pl\/en\/wp-json\/wp\/v2\/users\/1"}],"replies":[{"embeddable":true,"href":"https:\/\/fragrans.internetstars.pl\/en\/wp-json\/wp\/v2\/comments?post=397"}],"version-history":[{"count":3,"href":"https:\/\/fragrans.internetstars.pl\/en\/wp-json\/wp\/v2\/pages\/397\/revisions"}],"predecessor-version":[{"id":400,"href":"https:\/\/fragrans.internetstars.pl\/en\/wp-json\/wp\/v2\/pages\/397\/revisions\/400"}],"wp:attachment":[{"href":"https:\/\/fragrans.internetstars.pl\/en\/wp-json\/wp\/v2\/media?parent=397"}],"curies":[{"name":"wp","href":"https:\/\/api.w.org\/{rel}","templated":true}]}}