{"id":420,"date":"2025-06-14T15:25:46","date_gmt":"2025-06-14T13:25:46","guid":{"rendered":"https:\/\/fragrans.internetstars.pl\/?page_id=420"},"modified":"2025-06-23T23:05:05","modified_gmt":"2025-06-23T21:05:05","slug":"zawieszki-reklamowe","status":"publish","type":"page","link":"https:\/\/fragrans.internetstars.pl\/en\/zawieszki-reklamowe\/","title":{"rendered":"Promotional hang tags"},"content":{"rendered":"<p>[et_pb_section fb_built=&#8221;1&#8243; admin_label=&#8221;Baner&#8221; module_class=&#8221;counters&#8221; _builder_version=&#8221;4.27.4&#8243; _module_preset=&#8221;default&#8221; background_enable_image=&#8221;off&#8221; min_height_last_edited=&#8221;off|desktop&#8221; custom_css_free_form=&#8221;selector {||display: flex;||flex-direction: column;||justify-content: center;||}&#8221; global_colors_info=&#8221;{}&#8221;][et_pb_row custom_padding_last_edited=&#8221;off|desktop&#8221; _builder_version=&#8221;4.27.4&#8243; _module_preset=&#8221;default&#8221; width=&#8221;90%&#8221; max_width=&#8221;1220px&#8221; custom_margin=&#8221;||||false|false&#8221; custom_margin_tablet=&#8221;100px||100px||false|false&#8221; custom_margin_phone=&#8221;||||false|false&#8221; custom_margin_last_edited=&#8221;off|desktop&#8221; custom_padding=&#8221;||||false|false&#8221; custom_padding_tablet=&#8221;100px||100px||false|false&#8221; custom_padding_phone=&#8221;||||false|false&#8221; global_colors_info=&#8221;{}&#8221;][et_pb_column type=&#8221;4_4&#8243; _builder_version=&#8221;4.27.4&#8243; _module_preset=&#8221;default&#8221; global_colors_info=&#8221;{}&#8221;][et_pb_heading title=&#8221;Zawieszki reklamowe&#8221; module_class=&#8221;main-title&#8221; _builder_version=&#8221;4.27.4&#8243; _module_preset=&#8221;default&#8221; title_text_align=&#8221;left&#8221; global_colors_info=&#8221;{}&#8221;][\/et_pb_heading][et_pb_text _builder_version=&#8221;4.27.4&#8243; _module_preset=&#8221;default&#8221; animation_direction=&#8221;left&#8221; global_colors_info=&#8221;{}&#8221;]Stw\u00f3rz z nami sw\u00f3j od\u015bwie\u017cacz samochodowy[\/et_pb_text][et_pb_image_hotspot image=&#8221;https:\/\/fragrans.internetstars.pl\/wp-content\/uploads\/2025\/06\/POMARANCZA.png&#8221; _builder_version=&#8221;4.27.4&#8243; _module_preset=&#8221;default&#8221; global_colors_info=&#8221;{}&#8221;][et_pb_hotspot_item title=&#8221;Ponad 1500 kszta\u0142t\u00f3w do wyboru mo\u017cliwo\u015b\u0107 zrobienia w\u0142asnego kszta\u0142tu&#8221; tooltip_text=&#8221;Ponad 1500 kszta\u0142t\u00f3w do wyboru mo\u017cliwo\u015b\u0107 zrobienia w\u0142asnego kszta\u0142tu&#8221; popup_content=&#8221;<\/p>\n<p><img class=\"%22wp-image-444\" size-medium aligncenter%22 src=\"%22https:\/\/fragrans.internetstars.pl\/wp-content\/uploads\/2025\/06\/modal-ksztalty-274x300.jpg%22\" alt=\"%22%22\" width=\"%22274%22\" height=\"%22300%22\" \/><\/p>\n<p style=\"%22text-align:\" center;%22><a href=\"\/en\/%22\/wykrojniki%22\/\">Poznaj wi\u0119cej kszta\u0142t\u00f3w<\/a><\/p>\n<p>&#8221; position_x=&#8221;30&#8243; position_y=&#8221;20&#8243; _builder_version=&#8221;4.27.4&#8243; _module_preset=&#8221;default&#8221; global_colors_info=&#8221;{}&#8221;][\/et_pb_hotspot_item][et_pb_hotspot_item title=&#8221;16 kolor\u00f3w gumek&#8221; tooltip_text=&#8221;16 kolor\u00f3w gumek&#8221; popup_content=&#8221;<\/p>\n<p><img class=\"%22wp-image-441\" size-medium aligncenter%22 src=\"%22https:\/\/fragrans.internetstars.pl\/wp-content\/uploads\/2025\/06\/modal-gumki-260x300.jpg%22\" alt=\"%22%22\" width=\"%22260%22\" height=\"%22300%22\" \/><\/p>\n<p>&#8221; position_y=&#8221;15&#8243; _builder_version=&#8221;4.27.4&#8243; _module_preset=&#8221;default&#8221; global_colors_info=&#8221;{}&#8221;][\/et_pb_hotspot_item][\/et_pb_image_hotspot][\/et_pb_column][\/et_pb_row][\/et_pb_section][et_pb_section fb_built=&#8221;1&#8243; _builder_version=&#8221;4.27.4&#8243; _module_preset=&#8221;default&#8221; custom_margin=&#8221;0px||||false|false&#8221; custom_padding=&#8221;0px||||false|false&#8221; global_colors_info=&#8221;{}&#8221;][et_pb_row column_structure=&#8221;3_5,2_5&#8243; _builder_version=&#8221;4.27.4&#8243; _module_preset=&#8221;default&#8221; width=&#8221;90%&#8221; max_width=&#8221;1220px&#8221; custom_margin=&#8221;0px||||false|false&#8221; custom_padding=&#8221;0px||||false|false&#8221; global_colors_info=&#8221;{}&#8221;][et_pb_column type=&#8221;3_5&#8243; _builder_version=&#8221;4.27.4&#8243; _module_preset=&#8221;default&#8221; global_colors_info=&#8221;{}&#8221;][et_pb_heading title=&#8221;Wszechstronno\u015b\u0107 zawieszki zapachowej&#8221; module_class=&#8221;main-title&#8221; _builder_version=&#8221;4.27.4&#8243; _module_preset=&#8221;default&#8221; title_text_align=&#8221;left&#8221; global_colors_info=&#8221;{}&#8221;][\/et_pb_heading][et_pb_text _builder_version=&#8221;4.27.4&#8243; _module_preset=&#8221;default&#8221; animation_style=&#8221;slide&#8221; animation_direction=&#8221;left&#8221; global_colors_info=&#8221;{}&#8221;]Od\u015bwie\u017cacz samochodowy jest bardzo popularnym produktem reklamowym przede wszystkim z powodu jego wszechstronno\u015bci. Mo\u017cemy w pe\u0142ni personalizowa\u0107 nasz\u0105 zawieszk\u0119 wybieraj\u0105c kszta\u0142t, zapach czy kolor gumki. Mamy 2 strony full kolor, kt\u00f3re mo\u017cemy dowolnie zaprojektowa\u0107 jako reklam\u0119 naszej firmy. Nasz park maszynowy pozwala na realizacj\u0119 zam\u00f3wie\u0144 ju\u017c od 100 sztuk do bardzo du\u017cych nak\u0142ad\u00f3w w dziesi\u0105tkach lub setkach tysi\u0119cy sztuk. Oddajemy z r\u0119ce naszych Klient\u00f3w szeroki wyb\u00f3r gotowych wykrojnik\u00f3w, spo\u015br\u00f3d kt\u00f3rych ka\u017cdy znajdzie co\u015b dla siebie. Ponadto systematycznie powi\u0119kszamy baz\u0119 naszych projekt\u00f3w, kt\u00f3re udost\u0119pniamy do modyfikacji pod w\u0142asne logo. Znajduj\u0105 si\u0119 tu gotowe projekty zawieszek \u015bwi\u0105tecznych, \u015blubnych oraz projekt\u00f3w dla bran\u017cy budowlanej. Planujemy poszerza\u0107 t\u0119 baz\u0119 projekt\u00f3w do dyspozycji z my\u015bl\u0105 o klientach, kt\u00f3rzy nie maj\u0105 swoich grafik\u00f3w. Zawieszka jest idealnym zamiennikiem wizyt\u00f3wki czy mini ulotki, mo\u017ce by\u0107 \u015bwietnym dodatkiem do zaproszenia na imprez\u0119 firmow\u0105 lub podzi\u0119kowaniem za udzia\u0142 w jakim\u015b wydarzeniu. To bardzo popularny gad\u017cet targowy i \u015bwietny produkt na wszelkie eventy bran\u017cowe. Zapraszamy do kontaktu z naszym dzia\u0142em handlowym.[\/et_pb_text][\/et_pb_column][et_pb_column type=&#8221;2_5&#8243; _builder_version=&#8221;4.27.4&#8243; _module_preset=&#8221;default&#8221; global_colors_info=&#8221;{}&#8221;][et_pb_image src=&#8221;https:\/\/fragrans.internetstars.pl\/wp-content\/uploads\/2025\/06\/twoje-logo.jpg&#8221; title_text=&#8221;twoje-logo&#8221; _builder_version=&#8221;4.27.4&#8243; _module_preset=&#8221;default&#8221; global_colors_info=&#8221;{}&#8221;][\/et_pb_image][\/et_pb_column][\/et_pb_row][\/et_pb_section][et_pb_section fb_built=&#8221;1&#8243; _builder_version=&#8221;4.27.4&#8243; _module_preset=&#8221;default&#8221; background_enable_color=&#8221;off&#8221; custom_margin=&#8221;0px||||false|false&#8221; custom_padding=&#8221;0px||||false|false&#8221; global_colors_info=&#8221;{}&#8221;][et_pb_row _builder_version=&#8221;4.27.4&#8243; _module_preset=&#8221;default&#8221; width=&#8221;100%&#8221; custom_margin=&#8221;0px||||false|false&#8221; custom_padding=&#8221;0px||||false|false&#8221; global_colors_info=&#8221;{}&#8221;][et_pb_column type=&#8221;4_4&#8243; _builder_version=&#8221;4.27.4&#8243; _module_preset=&#8221;default&#8221; global_colors_info=&#8221;{}&#8221;][et_pb_logo_slider gallery_ids=&#8221;633,634,635,636,637,638,639,640&#8243; slider_speed=&#8221;10&#8243; logo_max_width=&#8221;500&#8243; logo_height=&#8221;500&#8243; _builder_version=&#8221;4.27.4&#8243; _module_preset=&#8221;default&#8221; link_option_url=&#8221;\/gotowe-projekty&#8221; hover_enabled=&#8221;0&#8243; global_colors_info=&#8221;{}&#8221; sticky_enabled=&#8221;0&#8243;][\/et_pb_logo_slider][\/et_pb_column][\/et_pb_row][\/et_pb_section]<\/p>","protected":false},"excerpt":{"rendered":"<p>Stw\u00f3rz z nami sw\u00f3j od\u015bwie\u017cacz samochodowyOd\u015bwie\u017cacz samochodowy jest bardzo popularnym produktem reklamowym przede wszystkim z powodu jego wszechstronno\u015bci. Mo\u017cemy w pe\u0142ni personalizowa\u0107 nasz\u0105 zawieszk\u0119 wybieraj\u0105c kszta\u0142t, zapach czy kolor gumki. Mamy 2 strony full kolor, kt\u00f3re mo\u017cemy dowolnie zaprojektowa\u0107 jako reklam\u0119 naszej firmy. Nasz park maszynowy pozwala na realizacj\u0119 zam\u00f3wie\u0144 ju\u017c od 100 sztuk do [&hellip;]<\/p>","protected":false},"author":1,"featured_media":0,"parent":0,"menu_order":0,"comment_status":"closed","ping_status":"closed","template":"","meta":{"_acf_changed":false,"_et_pb_use_builder":"on","_et_pb_old_content":"<!-- wp:divi\/placeholder \/-->","_et_gb_content_width":"","inline_featured_image":false,"footnotes":""},"class_list":["post-420","page","type-page","status-publish","hentry"],"acf":[],"_links":{"self":[{"href":"https:\/\/fragrans.internetstars.pl\/en\/wp-json\/wp\/v2\/pages\/420","targetHints":{"allow":["GET"]}}],"collection":[{"href":"https:\/\/fragrans.internetstars.pl\/en\/wp-json\/wp\/v2\/pages"}],"about":[{"href":"https:\/\/fragrans.internetstars.pl\/en\/wp-json\/wp\/v2\/types\/page"}],"author":[{"embeddable":true,"href":"https:\/\/fragrans.internetstars.pl\/en\/wp-json\/wp\/v2\/users\/1"}],"replies":[{"embeddable":true,"href":"https:\/\/fragrans.internetstars.pl\/en\/wp-json\/wp\/v2\/comments?post=420"}],"version-history":[{"count":25,"href":"https:\/\/fragrans.internetstars.pl\/en\/wp-json\/wp\/v2\/pages\/420\/revisions"}],"predecessor-version":[{"id":641,"href":"https:\/\/fragrans.internetstars.pl\/en\/wp-json\/wp\/v2\/pages\/420\/revisions\/641"}],"wp:attachment":[{"href":"https:\/\/fragrans.internetstars.pl\/en\/wp-json\/wp\/v2\/media?parent=420"}],"curies":[{"name":"wp","href":"https:\/\/api.w.org\/{rel}","templated":true}]}}