{"id":490,"date":"2025-06-21T17:00:52","date_gmt":"2025-06-21T15:00:52","guid":{"rendered":"https:\/\/fragrans.internetstars.pl\/?page_id=490"},"modified":"2025-06-23T12:29:06","modified_gmt":"2025-06-23T10:29:06","slug":"twoja-marka-wlasna","status":"publish","type":"page","link":"https:\/\/fragrans.internetstars.pl\/en\/twoja-marka-wlasna\/","title":{"rendered":"Your private label"},"content":{"rendered":"<p>[et_pb_section fb_built=&#8221;1&#8243; admin_label=&#8221;Baner&#8221; module_class=&#8221;counters&#8221; _builder_version=&#8221;4.27.4&#8243; _module_preset=&#8221;default&#8221; background_enable_image=&#8221;off&#8221; min_height_last_edited=&#8221;off|desktop&#8221; custom_css_free_form=&#8221;selector {||display: flex;||flex-direction: column;||justify-content: center;||}&#8221; global_colors_info=&#8221;{}&#8221;][et_pb_row custom_padding_last_edited=&#8221;off|desktop&#8221; _builder_version=&#8221;4.27.4&#8243; _module_preset=&#8221;default&#8221; width=&#8221;90%&#8221; max_width=&#8221;1220px&#8221; custom_margin=&#8221;||||false|false&#8221; custom_margin_tablet=&#8221;100px||100px||false|false&#8221; custom_margin_phone=&#8221;||||false|false&#8221; custom_margin_last_edited=&#8221;off|desktop&#8221; custom_padding=&#8221;||||false|false&#8221; custom_padding_tablet=&#8221;100px||100px||false|false&#8221; custom_padding_phone=&#8221;||||false|false&#8221; global_colors_info=&#8221;{}&#8221;][et_pb_column type=&#8221;4_4&#8243; _builder_version=&#8221;4.27.4&#8243; _module_preset=&#8221;default&#8221; global_colors_info=&#8221;{}&#8221;][et_pb_heading title=&#8221;Twoja marka w\u0142asna&#8221; module_class=&#8221;main-title&#8221; _builder_version=&#8221;4.27.4&#8243; _module_preset=&#8221;default&#8221; title_text_align=&#8221;left&#8221; global_colors_info=&#8221;{}&#8221;][\/et_pb_heading][et_pb_text _builder_version=&#8221;4.27.4&#8243; _module_preset=&#8221;default&#8221; animation_direction=&#8221;left&#8221; global_colors_info=&#8221;{}&#8221;]Stw\u00f3rz z nami sw\u00f3j od\u015bwie\u017cacz samochodowy[\/et_pb_text][et_pb_image_hotspot image=&#8221;https:\/\/fragrans.internetstars.pl\/wp-content\/uploads\/2025\/06\/TRUSKAWKA.png&#8221; _builder_version=&#8221;4.27.4&#8243; _module_preset=&#8221;default&#8221; global_colors_info=&#8221;{}&#8221;][et_pb_hotspot_item title=&#8221;Ponad 1500 kszta\u0142t\u00f3w do wyboru mo\u017cliwo\u015b\u0107 zrobienia w\u0142asnego kszta\u0142tu&#8221; tooltip_text=&#8221;Ponad 1500 kszta\u0142t\u00f3w do wyboru mo\u017cliwo\u015b\u0107 zrobienia w\u0142asnego kszta\u0142tu&#8221; popup_content=&#8221;<\/p>\n<p><img class=\"%22wp-image-444\" size-medium aligncenter%22 src=\"%22https:\/\/fragrans.internetstars.pl\/wp-content\/uploads\/2025\/06\/modal-ksztalty-274x300.jpg%22\" alt=\"%22%22\" width=\"%22274%22\" height=\"%22300%22\" \/><\/p>\n<p style=\"%22text-align:\" center;%22><a href=\"\/en\/%22\/wykrojniki%22\/\">Poznaj wi\u0119cej kszta\u0142t\u00f3w<\/a><\/p>\n<p>&#8221; position_x=&#8221;30&#8243; position_y=&#8221;20&#8243; _builder_version=&#8221;4.27.4&#8243; _module_preset=&#8221;default&#8221; global_colors_info=&#8221;{}&#8221;][\/et_pb_hotspot_item][et_pb_hotspot_item title=&#8221;16 kolor\u00f3w gumek&#8221; tooltip_text=&#8221;16 kolor\u00f3w gumek&#8221; popup_content=&#8221;<\/p>\n<p><img class=\"%22wp-image-441\" size-medium aligncenter%22 src=\"%22https:\/\/fragrans.internetstars.pl\/wp-content\/uploads\/2025\/06\/modal-gumki-260x300.jpg%22\" alt=\"%22%22\" width=\"%22260%22\" height=\"%22300%22\" \/><\/p>\n<p>&#8221; position_y=&#8221;15&#8243; _builder_version=&#8221;4.27.4&#8243; _module_preset=&#8221;default&#8221; global_colors_info=&#8221;{}&#8221;][\/et_pb_hotspot_item][\/et_pb_image_hotspot][\/et_pb_column][\/et_pb_row][\/et_pb_section][et_pb_section fb_built=&#8221;1&#8243; _builder_version=&#8221;4.27.4&#8243; _module_preset=&#8221;default&#8221; background_color=&#8221;#fffcfb&#8221; hover_enabled=&#8221;0&#8243; global_colors_info=&#8221;{}&#8221; custom_margin=&#8221;0px||||false|false&#8221; custom_padding=&#8221;0px||||false|false&#8221; sticky_enabled=&#8221;0&#8243;][et_pb_row column_structure=&#8221;1_2,1_2&#8243; _builder_version=&#8221;4.27.4&#8243; _module_preset=&#8221;default&#8221; width=&#8221;90%&#8221; max_width=&#8221;1220px&#8221; hover_enabled=&#8221;0&#8243; global_colors_info=&#8221;{}&#8221; sticky_enabled=&#8221;0&#8243;][et_pb_column type=&#8221;1_2&#8243; _builder_version=&#8221;4.27.4&#8243; _module_preset=&#8221;default&#8221; global_colors_info=&#8221;{}&#8221;][et_pb_image src=&#8221;https:\/\/fragrans.internetstars.pl\/wp-content\/uploads\/2025\/06\/BLISTR-DWUSTRONNY-FULL-KOLOR.png&#8221; title_text=&#8221;BLISTR-DWUSTRONNY-FULL-KOLOR&#8221; _builder_version=&#8221;4.27.4&#8243; _module_preset=&#8221;default&#8221; global_colors_info=&#8221;{}&#8221;][\/et_pb_image][\/et_pb_column][et_pb_column type=&#8221;1_2&#8243; _builder_version=&#8221;4.27.4&#8243; _module_preset=&#8221;default&#8221; global_colors_info=&#8221;{}&#8221;][et_pb_heading title=&#8221;Wszechstronno\u015b\u0107 zawieszki zapachowej&#8221; module_class=&#8221;main-title&#8221; _builder_version=&#8221;4.27.4&#8243; _module_preset=&#8221;default&#8221; title_text_align=&#8221;left&#8221; global_colors_info=&#8221;{}&#8221;][\/et_pb_heading][et_pb_text _builder_version=&#8221;4.27.4&#8243; _module_preset=&#8221;default&#8221; text_orientation=&#8221;justified&#8221; animation_direction=&#8221;left&#8221; global_colors_info=&#8221;{}&#8221;]Zapachy samochodowe s\u0105 uniwersalnym produktem, kt\u00f3ry mo\u017cna sprzedawa\u0107 w wielu miejscach: stacje benzynowe, sklepy, markety, hurtownie i wiele innych miejsc. Daje nam mo\u017cliwo\u015b\u0107 stworzenia serii, kt\u00f3ra wyr\u00f3\u017cni si\u0119 zar\u00f3wno grafik\u0105 jak i zapachem. Przede wszystkim jest to produkt, po kt\u00f3ry Klient wraca. Dzi\u0119ki najwy\u017cszej jako\u015bci naszych materia\u0142\u00f3w dajemy u\u017cytkownikowi unikatowy produkt, z kt\u00f3rego b\u0119dzie m\u00f3g\u0142 bezpiecznie korzysta\u0107. 2 strony w pe\u0142ni projektowane pod wymy\u015blony kszta\u0142t, kt\u00f3re uzupe\u0142niamy wybranym kolorem gumki i kolorowym, zach\u0119caj\u0105cym do zakupu blistrem. Nasz park maszynowy pozwala na realizacj\u0119 zam\u00f3wie\u0144 do bardzo du\u017cych nak\u0142ad\u00f3w w dziesi\u0105tkach lub setkach tysi\u0119cy sztuk. Oddajemy z r\u0119ce naszych Klient\u00f3w szeroki wyb\u00f3r gotowych wykrojnik\u00f3w, spo\u015br\u00f3d kt\u00f3rych ka\u017cdy znajdzie co\u015b dla siebie. Poza sam\u0105 zawieszk\u0105 oferujemy tak\u017ce pomoc w przygotowaniu ekspozycji produktu w pude\u0142kach, na ta\u015bmach sprzeda\u017cowych lub w postaci insertu do ulotki lub innego produktu. Realizowali\u015bmy zlecenia na zawieszki mocowane do zawieszek na klamk\u0119 w hotelu, jako dodatek do butelek napoj\u00f3w, zbiornik\u00f3w oleju czy spryskiwaczy z inn\u0105 chemi\u0105 samochodow\u0105 i nie tylko. Zapraszamy do kontaktu z naszym dzia\u0142em handlowym.[\/et_pb_text][\/et_pb_column][\/et_pb_row][\/et_pb_section][et_pb_section fb_built=&#8221;1&#8243; _builder_version=&#8221;4.27.4&#8243; _module_preset=&#8221;default&#8221; background_color=&#8221;#fffcfb&#8221; hover_enabled=&#8221;0&#8243; global_colors_info=&#8221;{}&#8221; custom_margin=&#8221;0px||||false|false&#8221; custom_padding=&#8221;0px||||false|false&#8221; sticky_enabled=&#8221;0&#8243;][et_pb_row column_structure=&#8221;1_2,1_2&#8243; _builder_version=&#8221;4.27.4&#8243; _module_preset=&#8221;default&#8221; width=&#8221;90%&#8221; max_width=&#8221;1220px&#8221; hover_enabled=&#8221;0&#8243; global_colors_info=&#8221;{}&#8221; custom_margin=&#8221;0px||||false|false&#8221; custom_padding=&#8221;0px||||false|false&#8221; sticky_enabled=&#8221;0&#8243;][et_pb_column type=&#8221;1_2&#8243; _builder_version=&#8221;4.27.4&#8243; _module_preset=&#8221;default&#8221; global_colors_info=&#8221;{}&#8221;][et_pb_heading title=&#8221;Pomo\u017cemy w kompleksowym przygotowaniu marki w\u0142asnej&#8221; module_class=&#8221;main-title&#8221; _builder_version=&#8221;4.27.4&#8243; _module_preset=&#8221;default&#8221; title_text_align=&#8221;left&#8221; global_colors_info=&#8221;{}&#8221;][\/et_pb_heading][et_pb_text _builder_version=&#8221;4.27.4&#8243; _module_preset=&#8221;default&#8221; text_orientation=&#8221;justified&#8221; animation_direction=&#8221;left&#8221; global_colors_info=&#8221;{}&#8221;]Gdy szykujemy mark\u0119 w\u0142asn\u0105, kt\u00f3r\u0105 planujemy wprowadzi\u0107 na rynek do sprzeda\u017cy warto pomy\u015ble\u0107 nad tym jak nasz produkt b\u0119dzie eksponowany. Idealnym rozwi\u0105zaniem jest blister \u2013 czyli kartonik z eurodziurk\u0105, do kt\u00f3rego przymocowana jest zawieszka i kt\u00f3ry umo\u017cliwia nam ekspozycj\u0119 na hakach lub ta\u015bmach sprzeda\u017cowych. Jednak cz\u0119\u015b\u0107 klient\u00f3w decyduje si\u0119 na ekspozycj\u0119 w pude\u0142kach. W tym tak\u017ce mo\u017cemy Pa\u0144stwu pom\u00f3c. Wyceniamy projekty ju\u017c od 500 sztuk pude\u0142ek, ich wycena zale\u017cy od indywidualnych parametr\u00f3w. Warto przemy\u015ble\u0107 rozmiar i dostosowanie do wysy\u0142ek paletowych, kt\u00f3re przy tego typu wsp\u00f3\u0142pracy s\u0105 bardzo popularne. S\u0142u\u017cymy w tym zakresie rad\u0105 i pomoc\u0105. Zapraszamy do kontaktu.[\/et_pb_text][\/et_pb_column][et_pb_column type=&#8221;1_2&#8243; _builder_version=&#8221;4.27.4&#8243; _module_preset=&#8221;default&#8221; global_colors_info=&#8221;{}&#8221;][et_pb_image src=&#8221;https:\/\/fragrans.internetstars.pl\/wp-content\/uploads\/2025\/06\/POMOZEMY-CI-Z-PROJEKTEM.png&#8221; title_text=&#8221;POMOZEMY-CI-Z-PROJEKTEM&#8221; _builder_version=&#8221;4.27.4&#8243; _module_preset=&#8221;default&#8221; global_colors_info=&#8221;{}&#8221;][\/et_pb_image][\/et_pb_column][\/et_pb_row][\/et_pb_section]<\/p>","protected":false},"excerpt":{"rendered":"<p>Stw\u00f3rz z nami sw\u00f3j od\u015bwie\u017cacz samochodowyZapachy samochodowe s\u0105 uniwersalnym produktem, kt\u00f3ry mo\u017cna sprzedawa\u0107 w wielu miejscach: stacje benzynowe, sklepy, markety, hurtownie i wiele innych miejsc. Daje nam mo\u017cliwo\u015b\u0107 stworzenia serii, kt\u00f3ra wyr\u00f3\u017cni si\u0119 zar\u00f3wno grafik\u0105 jak i zapachem. Przede wszystkim jest to produkt, po kt\u00f3ry Klient wraca. Dzi\u0119ki najwy\u017cszej jako\u015bci naszych materia\u0142\u00f3w dajemy u\u017cytkownikowi unikatowy [&hellip;]<\/p>","protected":false},"author":1,"featured_media":0,"parent":0,"menu_order":0,"comment_status":"closed","ping_status":"closed","template":"","meta":{"_acf_changed":false,"_et_pb_use_builder":"on","_et_pb_old_content":"<!-- wp:divi\/placeholder \/-->","_et_gb_content_width":"","inline_featured_image":false,"footnotes":""},"class_list":["post-490","page","type-page","status-publish","hentry"],"acf":[],"_links":{"self":[{"href":"https:\/\/fragrans.internetstars.pl\/en\/wp-json\/wp\/v2\/pages\/490","targetHints":{"allow":["GET"]}}],"collection":[{"href":"https:\/\/fragrans.internetstars.pl\/en\/wp-json\/wp\/v2\/pages"}],"about":[{"href":"https:\/\/fragrans.internetstars.pl\/en\/wp-json\/wp\/v2\/types\/page"}],"author":[{"embeddable":true,"href":"https:\/\/fragrans.internetstars.pl\/en\/wp-json\/wp\/v2\/users\/1"}],"replies":[{"embeddable":true,"href":"https:\/\/fragrans.internetstars.pl\/en\/wp-json\/wp\/v2\/comments?post=490"}],"version-history":[{"count":8,"href":"https:\/\/fragrans.internetstars.pl\/en\/wp-json\/wp\/v2\/pages\/490\/revisions"}],"predecessor-version":[{"id":594,"href":"https:\/\/fragrans.internetstars.pl\/en\/wp-json\/wp\/v2\/pages\/490\/revisions\/594"}],"wp:attachment":[{"href":"https:\/\/fragrans.internetstars.pl\/en\/wp-json\/wp\/v2\/media?parent=490"}],"curies":[{"name":"wp","href":"https:\/\/api.w.org\/{rel}","templated":true}]}}