{"id":507,"date":"2025-06-21T17:05:37","date_gmt":"2025-06-21T15:05:37","guid":{"rendered":"https:\/\/fragrans.internetstars.pl\/?page_id=507"},"modified":"2025-06-23T13:15:46","modified_gmt":"2025-06-23T11:15:46","slug":"fresh-car","status":"publish","type":"page","link":"https:\/\/fragrans.internetstars.pl\/en\/fresh-car\/","title":{"rendered":"Fresh car"},"content":{"rendered":"<p>[et_pb_section fb_built=&#8221;1&#8243; _builder_version=&#8221;4.27.4&#8243; _module_preset=&#8221;default&#8221; background_enable_color=&#8221;off&#8221; global_colors_info=&#8221;{}&#8221;][et_pb_row column_structure=&#8221;1_2,1_2&#8243; _builder_version=&#8221;4.27.4&#8243; _module_preset=&#8221;default&#8221; width=&#8221;90%&#8221; max_width=&#8221;1220px&#8221; global_colors_info=&#8221;{}&#8221;][et_pb_column type=&#8221;1_2&#8243; _builder_version=&#8221;4.27.4&#8243; _module_preset=&#8221;default&#8221; global_colors_info=&#8221;{}&#8221;][et_pb_heading title=&#8221;FreshCar Classic&#8221; module_class=&#8221;main-title&#8221; _builder_version=&#8221;4.27.4&#8243; _module_preset=&#8221;default&#8221; title_text_align=&#8221;left&#8221; global_colors_info=&#8221;{}&#8221;][\/et_pb_heading][et_pb_text _builder_version=&#8221;4.27.4&#8243; _module_preset=&#8221;default&#8221; text_orientation=&#8221;justified&#8221; animation_direction=&#8221;left&#8221; global_colors_info=&#8221;{}&#8221;]FreshCar Classic jest zawieszk\u0105 o ponadstandardowej jako\u015bci, wykonan\u0105 ze specjalnej, wysokoch\u0142onnej geow\u0142\u00f3kniny w unikalnym kszta\u0142cie. Nasze zawieszki oferujemy obecnie w 26 atrakcyjnych zapachach, w tym 11 wyj\u0105tkowych aromat\u00f3w perfumowanych oraz 4 zapachy edycji limitowanej. Nasze zawieszki wybierane s\u0105 nie tylko do samochodu, ale r\u00f3wnie\u017c do domu i biura.[\/et_pb_text][\/et_pb_column][et_pb_column type=&#8221;1_2&#8243; _builder_version=&#8221;4.27.4&#8243; _module_preset=&#8221;default&#8221; global_colors_info=&#8221;{}&#8221;][et_pb_image src=&#8221;https:\/\/fragrans.internetstars.pl\/wp-content\/uploads\/2025\/06\/fc-2.png&#8221; title_text=&#8221;fc-2&#8243; _builder_version=&#8221;4.27.4&#8243; _module_preset=&#8221;default&#8221; global_colors_info=&#8221;{}&#8221;][\/et_pb_image][\/et_pb_column][\/et_pb_row][\/et_pb_section][et_pb_section fb_built=&#8221;1&#8243; _builder_version=&#8221;4.27.4&#8243; _module_preset=&#8221;default&#8221; background_enable_color=&#8221;off&#8221; custom_margin=&#8221;0px||||false|false&#8221; custom_padding=&#8221;0px||||false|false&#8221; hover_enabled=&#8221;0&#8243; global_colors_info=&#8221;{}&#8221; sticky_enabled=&#8221;0&#8243;][et_pb_row _builder_version=&#8221;4.27.4&#8243; _module_preset=&#8221;default&#8221; width=&#8221;100%&#8221; custom_margin=&#8221;0px||||false|false&#8221; custom_padding=&#8221;0px||||false|false&#8221; global_colors_info=&#8221;{}&#8221;][et_pb_column type=&#8221;4_4&#8243; _builder_version=&#8221;4.27.4&#8243; _module_preset=&#8221;default&#8221; global_colors_info=&#8221;{}&#8221;][et_pb_logo_slider gallery_ids=&#8221;532,533,534,535&#8243; slider_speed=&#8221;10&#8243; logo_max_width=&#8221;300&#8243; logo_height=&#8221;300&#8243; _builder_version=&#8221;4.27.4&#8243; _module_preset=&#8221;default&#8221; global_colors_info=&#8221;{}&#8221;][\/et_pb_logo_slider][\/et_pb_column][\/et_pb_row][\/et_pb_section][et_pb_section fb_built=&#8221;1&#8243; _builder_version=&#8221;4.27.4&#8243; _module_preset=&#8221;default&#8221; background_enable_color=&#8221;off&#8221; custom_margin=&#8221;0px||||false|false&#8221; custom_padding=&#8221;0px||||false|false&#8221; global_colors_info=&#8221;{}&#8221;][et_pb_row column_structure=&#8221;1_2,1_2&#8243; _builder_version=&#8221;4.27.4&#8243; _module_preset=&#8221;default&#8221; width=&#8221;90%&#8221; max_width=&#8221;1220px&#8221; custom_margin=&#8221;0px||||false|false&#8221; custom_padding=&#8221;0px||||false|false&#8221; global_colors_info=&#8221;{}&#8221;][et_pb_column type=&#8221;1_2&#8243; _builder_version=&#8221;4.27.4&#8243; _module_preset=&#8221;default&#8221; global_colors_info=&#8221;{}&#8221;][et_pb_image src=&#8221;https:\/\/fragrans.internetstars.pl\/wp-content\/uploads\/2025\/06\/fc-3.png&#8221; title_text=&#8221;fc-3&#8243; _builder_version=&#8221;4.27.4&#8243; _module_preset=&#8221;default&#8221; custom_margin=&#8221;30px||||false|false&#8221; global_colors_info=&#8221;{}&#8221;][\/et_pb_image][\/et_pb_column][et_pb_column type=&#8221;1_2&#8243; _builder_version=&#8221;4.27.4&#8243; _module_preset=&#8221;default&#8221; global_colors_info=&#8221;{}&#8221;][et_pb_heading title=&#8221;FreshCar Diamond&#8221; admin_label=&#8221;Nag\u0142\u00f3wek&#8221; module_class=&#8221;main-title&#8221; _builder_version=&#8221;4.27.4&#8243; _module_preset=&#8221;default&#8221; title_text_align=&#8221;left&#8221; global_colors_info=&#8221;{}&#8221;][\/et_pb_heading][et_pb_text _builder_version=&#8221;4.27.4&#8243; _module_preset=&#8221;default&#8221; text_orientation=&#8221;justified&#8221; animation_direction=&#8221;left&#8221; global_colors_info=&#8221;{}&#8221;]FreshCar Diamond to buteleczki zapachowe dost\u0119pne w najlepiej sprzedaj\u0105cych si\u0119 zapachach (V8 Classic, Ecstasy, One Dollar, Vanilla, Bubble Gum, New Car, Mango) w wyj\u0105tkowym kszta\u0142cie diamencika, kt\u00f3ry b\u0119dzie dodatkow\u0105 dekoracj\u0105 w samochodzie. Produkt sprawdza si\u0119 r\u00f3wnie\u017c do u\u017cytku domowego i biurowego.[\/et_pb_text][\/et_pb_column][\/et_pb_row][\/et_pb_section][et_pb_section fb_built=&#8221;1&#8243; _builder_version=&#8221;4.27.4&#8243; _module_preset=&#8221;default&#8221; background_enable_color=&#8221;off&#8221; custom_margin=&#8221;0px||||false|false&#8221; custom_padding=&#8221;0px||||false|false&#8221; global_colors_info=&#8221;{}&#8221;][et_pb_row _builder_version=&#8221;4.27.4&#8243; _module_preset=&#8221;default&#8221; width=&#8221;100%&#8221; custom_margin=&#8221;0px||||false|false&#8221; custom_padding=&#8221;0px||||false|false&#8221; global_colors_info=&#8221;{}&#8221;][et_pb_column type=&#8221;4_4&#8243; _builder_version=&#8221;4.27.4&#8243; _module_preset=&#8221;default&#8221; global_colors_info=&#8221;{}&#8221;][et_pb_logo_slider gallery_ids=&#8221;532,533,534,535&#8243; slider_speed=&#8221;10&#8243; logo_max_width=&#8221;300&#8243; logo_height=&#8221;300&#8243; _builder_version=&#8221;4.27.4&#8243; _module_preset=&#8221;default&#8221; global_colors_info=&#8221;{}&#8221;][\/et_pb_logo_slider][\/et_pb_column][\/et_pb_row][\/et_pb_section][et_pb_section fb_built=&#8221;1&#8243; _builder_version=&#8221;4.27.4&#8243; _module_preset=&#8221;default&#8221; background_enable_color=&#8221;off&#8221; custom_margin=&#8221;0px||||false|false&#8221; custom_padding=&#8221;0px||||false|false&#8221; global_colors_info=&#8221;{}&#8221;][et_pb_row column_structure=&#8221;1_2,1_2&#8243; _builder_version=&#8221;4.27.4&#8243; _module_preset=&#8221;default&#8221; width=&#8221;90%&#8221; max_width=&#8221;1220px&#8221; custom_margin=&#8221;0px||||false|false&#8221; custom_padding=&#8221;0px||||false|false&#8221; global_colors_info=&#8221;{}&#8221;][et_pb_column type=&#8221;1_2&#8243; _builder_version=&#8221;4.27.4&#8243; _module_preset=&#8221;default&#8221; global_colors_info=&#8221;{}&#8221;][et_pb_heading title=&#8221;FreshCar Pearls&#8221; module_class=&#8221;main-title&#8221; _builder_version=&#8221;4.27.4&#8243; _module_preset=&#8221;default&#8221; title_text_align=&#8221;left&#8221; global_colors_info=&#8221;{}&#8221;][\/et_pb_heading][et_pb_text _builder_version=&#8221;4.27.4&#8243; _module_preset=&#8221;default&#8221; text_orientation=&#8221;justified&#8221; animation_direction=&#8221;left&#8221; global_colors_info=&#8221;{}&#8221;]FreshCar Pearls to woreczki zapachowe dost\u0119pne w 8 zapachach serii FreshCar (V8 Classic, Ecstasy, One Dollar, Vanilla, Bubble Gum, New Car, Mango oraz Denizo). Pere\u0142ki zapachowe w woreczku sprawdz\u0105 si\u0119 tak\u017ce do u\u017cytku domowego i biurowego.[\/et_pb_text][\/et_pb_column][et_pb_column type=&#8221;1_2&#8243; _builder_version=&#8221;4.27.4&#8243; _module_preset=&#8221;default&#8221; global_colors_info=&#8221;{}&#8221;][et_pb_image src=&#8221;https:\/\/fragrans.internetstars.pl\/wp-content\/uploads\/2025\/06\/fc-4.png&#8221; title_text=&#8221;fc-4&#8243; _builder_version=&#8221;4.27.4&#8243; _module_preset=&#8221;default&#8221; global_colors_info=&#8221;{}&#8221;][\/et_pb_image][\/et_pb_column][\/et_pb_row][\/et_pb_section][et_pb_section fb_built=&#8221;1&#8243; _builder_version=&#8221;4.27.4&#8243; _module_preset=&#8221;default&#8221; background_enable_color=&#8221;off&#8221; custom_margin=&#8221;0px||||false|false&#8221; custom_padding=&#8221;0px||||false|false&#8221; global_colors_info=&#8221;{}&#8221;][et_pb_row column_structure=&#8221;1_2,1_2&#8243; _builder_version=&#8221;4.27.4&#8243; _module_preset=&#8221;default&#8221; width=&#8221;90%&#8221; max_width=&#8221;1220px&#8221; custom_margin=&#8221;0px||||false|false&#8221; custom_padding=&#8221;0px||||false|false&#8221; global_colors_info=&#8221;{}&#8221;][et_pb_column type=&#8221;1_2&#8243; _builder_version=&#8221;4.27.4&#8243; _module_preset=&#8221;default&#8221; global_colors_info=&#8221;{}&#8221;][et_pb_image src=&#8221;https:\/\/fragrans.internetstars.pl\/wp-content\/uploads\/2025\/06\/fc-5.png&#8221; title_text=&#8221;fc-5&#8243; _builder_version=&#8221;4.27.4&#8243; _module_preset=&#8221;default&#8221; custom_margin=&#8221;30px||||false|false&#8221; global_colors_info=&#8221;{}&#8221;][\/et_pb_image][\/et_pb_column][et_pb_column type=&#8221;1_2&#8243; _builder_version=&#8221;4.27.4&#8243; _module_preset=&#8221;default&#8221; global_colors_info=&#8221;{}&#8221;][et_pb_heading title=&#8221;Ekspozycja&#8221; module_class=&#8221;main-title&#8221; _builder_version=&#8221;4.27.4&#8243; _module_preset=&#8221;default&#8221; title_text_align=&#8221;left&#8221; global_colors_info=&#8221;{}&#8221;][\/et_pb_heading][et_pb_text _builder_version=&#8221;4.27.4&#8243; _module_preset=&#8221;default&#8221; text_orientation=&#8221;justified&#8221; animation_direction=&#8221;left&#8221; global_colors_info=&#8221;{}&#8221;]<\/p>\n<p>Sales tapes for FreshCar Classic pendants and FreshCar Pearls pouches (12 hooks, 1 hook holds 2 pouches or 2 to 4 pendants)<\/p>\n<p>Mini counter box - white box with flap or black printed box for displaying 16 FreshCar Pearls pouches or 30 FreshCar Classic pendants.<\/p>\n<p>Counter\/shelf display for 80 FreshCar Classic pendants (space for 16 fragrances).<\/p>\n<p>Display 240 - dedicated to pouches and pendants, space for 16 products \/ fragrances, for FreshCar Classic pendants alone holds 240.<\/p>\n<p>Metal Display - 30 display spaces allow you to choose from a wide range of fragrances from: 26 FreshCar Classic fragrances and 8 FreshCar Pearls fragrances.<\/p>\n<p>[\/et_pb_text][\/et_pb_column][\/et_pb_row][\/et_pb_section][et_pb_section fb_built=&#8221;1&#8243; _builder_version=&#8221;4.27.4&#8243; _module_preset=&#8221;default&#8221; custom_margin=&#8221;0px||||false|false&#8221; custom_padding=&#8221;0px||||false|false&#8221; global_colors_info=&#8221;{}&#8221;][et_pb_row column_structure=&#8221;1_3,1_3,1_3&#8243; _builder_version=&#8221;4.27.4&#8243; _module_preset=&#8221;default&#8221; custom_margin=&#8221;0px||||false|false&#8221; custom_padding=&#8221;0px||||false|false&#8221; global_colors_info=&#8221;{}&#8221;][et_pb_column type=&#8221;1_3&#8243; _builder_version=&#8221;4.27.4&#8243; _module_preset=&#8221;default&#8221; global_colors_info=&#8221;{}&#8221;][et_pb_image src=&#8221;https:\/\/fragrans.internetstars.pl\/wp-content\/uploads\/2025\/06\/st-1.jpg&#8221; title_text=&#8221;st-1&#8243; _builder_version=&#8221;4.27.4&#8243; _module_preset=&#8221;default&#8221; global_colors_info=&#8221;{}&#8221;][\/et_pb_image][\/et_pb_column][et_pb_column type=&#8221;1_3&#8243; _builder_version=&#8221;4.27.4&#8243; _module_preset=&#8221;default&#8221; global_colors_info=&#8221;{}&#8221;][et_pb_image src=&#8221;https:\/\/fragrans.internetstars.pl\/wp-content\/uploads\/2025\/06\/st-2.jpg&#8221; title_text=&#8221;st-2&#8243; _builder_version=&#8221;4.27.4&#8243; _module_preset=&#8221;default&#8221; global_colors_info=&#8221;{}&#8221;][\/et_pb_image][\/et_pb_column][et_pb_column type=&#8221;1_3&#8243; _builder_version=&#8221;4.27.4&#8243; _module_preset=&#8221;default&#8221; global_colors_info=&#8221;{}&#8221;][et_pb_image src=&#8221;https:\/\/fragrans.internetstars.pl\/wp-content\/uploads\/2025\/06\/st-3.jpg&#8221; title_text=&#8221;st-3&#8243; _builder_version=&#8221;4.27.4&#8243; _module_preset=&#8221;default&#8221; global_colors_info=&#8221;{}&#8221;][\/et_pb_image][\/et_pb_column][\/et_pb_row][\/et_pb_section]<\/p>","protected":false},"excerpt":{"rendered":"<p>FreshCar Classic jest zawieszk\u0105 o ponadstandardowej jako\u015bci, wykonan\u0105 ze specjalnej, wysokoch\u0142onnej geow\u0142\u00f3kniny w unikalnym kszta\u0142cie. Nasze zawieszki oferujemy obecnie w 26 atrakcyjnych zapachach, w tym 11 wyj\u0105tkowych aromat\u00f3w perfumowanych oraz 4 zapachy edycji limitowanej. Nasze zawieszki wybierane s\u0105 nie tylko do samochodu, ale r\u00f3wnie\u017c do domu i biura.FreshCar Diamond to buteleczki zapachowe dost\u0119pne w najlepiej [&hellip;]<\/p>","protected":false},"author":1,"featured_media":0,"parent":0,"menu_order":0,"comment_status":"closed","ping_status":"closed","template":"","meta":{"_acf_changed":false,"_et_pb_use_builder":"on","_et_pb_old_content":"<!-- wp:divi\/placeholder \/-->","_et_gb_content_width":"","inline_featured_image":false,"footnotes":""},"class_list":["post-507","page","type-page","status-publish","hentry"],"acf":[],"_links":{"self":[{"href":"https:\/\/fragrans.internetstars.pl\/en\/wp-json\/wp\/v2\/pages\/507","targetHints":{"allow":["GET"]}}],"collection":[{"href":"https:\/\/fragrans.internetstars.pl\/en\/wp-json\/wp\/v2\/pages"}],"about":[{"href":"https:\/\/fragrans.internetstars.pl\/en\/wp-json\/wp\/v2\/types\/page"}],"author":[{"embeddable":true,"href":"https:\/\/fragrans.internetstars.pl\/en\/wp-json\/wp\/v2\/users\/1"}],"replies":[{"embeddable":true,"href":"https:\/\/fragrans.internetstars.pl\/en\/wp-json\/wp\/v2\/comments?post=507"}],"version-history":[{"count":16,"href":"https:\/\/fragrans.internetstars.pl\/en\/wp-json\/wp\/v2\/pages\/507\/revisions"}],"predecessor-version":[{"id":614,"href":"https:\/\/fragrans.internetstars.pl\/en\/wp-json\/wp\/v2\/pages\/507\/revisions\/614"}],"wp:attachment":[{"href":"https:\/\/fragrans.internetstars.pl\/en\/wp-json\/wp\/v2\/media?parent=507"}],"curies":[{"name":"wp","href":"https:\/\/api.w.org\/{rel}","templated":true}]}}